{"id":5832,"date":"2025-07-08T20:12:32","date_gmt":"2025-07-08T18:12:32","guid":{"rendered":"https:\/\/evolvingdesk.com\/emberek\/"},"modified":"2025-09-02T21:49:45","modified_gmt":"2025-09-02T19:49:45","slug":"emberek","status":"publish","type":"page","link":"https:\/\/evolvingdesk.com\/hu\/emberek\/","title":{"rendered":"Emberek"},"content":{"rendered":"\t\t<div data-elementor-type=\"wp-page\" data-elementor-id=\"5832\" class=\"elementor elementor-5832 elementor-5816\" data-elementor-post-type=\"page\">\n\t\t\t\t<div class=\"elementor-element elementor-element-5448000 e-flex e-con-boxed e-con e-parent\" data-id=\"5448000\" data-element_type=\"container\" data-e-type=\"container\" data-settings=\"{&quot;background_background&quot;:&quot;classic&quot;}\">\n\t\t\t\t\t<div class=\"e-con-inner\">\n\t\t\t\t<div class=\"elementor-element elementor-element-6c2ff35 elementor-widget elementor-widget-heading\" data-id=\"6c2ff35\" data-element_type=\"widget\" data-e-type=\"widget\" data-widget_type=\"heading.default\">\n\t\t\t\t<div class=\"elementor-widget-container\">\n\t\t\t\t\t<h2 class=\"elementor-heading-title elementor-size-default\">Emberek<\/h2>\t\t\t\t<\/div>\n\t\t\t\t<\/div>\n\t\t\t\t<div class=\"elementor-element elementor-element-814c237 elementor-widget__width-initial elementor-widget elementor-widget-text-editor\" data-id=\"814c237\" data-element_type=\"widget\" data-e-type=\"widget\" data-widget_type=\"text-editor.default\">\n\t\t\t\t<div class=\"elementor-widget-container\">\n\t\t\t\t\t\t\t\t\t<p>Az EvolvingDesk h\u00e1rom k\u00f6z\u00e9piskolai bar\u00e1t szenved\u00e9lyes projektjek\u00e9nt indult, akiknek k\u00f6z\u00f6s a technol\u00f3gia ir\u00e1nti szeretet\u00fck. Ami 2018 v\u00e9g\u00e9n egy kis er\u0151fesz\u00edt\u00e9sk\u00e9nt indult, hogy szoftvereket hozzanak l\u00e9tre di\u00e1kok sz\u00e1m\u00e1ra, az\u00f3ta egy nemzetk\u00f6zi informatikai v\u00e1llalatt\u00e1 n\u0151tte ki mag\u00e1t. <\/p>\t\t\t\t\t\t\t\t<\/div>\n\t\t\t\t<\/div>\n\t\t\t\t\t<\/div>\n\t\t\t\t<\/div>\n\t\t<div class=\"elementor-element elementor-element-9e5f0a4 e-flex e-con-boxed e-con e-parent\" data-id=\"9e5f0a4\" data-element_type=\"container\" data-e-type=\"container\">\n\t\t\t\t\t<div class=\"e-con-inner\">\n\t\t<div class=\"elementor-element elementor-element-32d1e92 e-con-full e-flex e-con e-child\" data-id=\"32d1e92\" data-element_type=\"container\" data-e-type=\"container\">\n\t\t\t\t<div class=\"elementor-element elementor-element-2a66301 elementor-widget elementor-widget-heading\" data-id=\"2a66301\" data-element_type=\"widget\" data-e-type=\"widget\" data-widget_type=\"heading.default\">\n\t\t\t\t<div class=\"elementor-widget-container\">\n\t\t\t\t\t<h2 class=\"elementor-heading-title elementor-size-default\"><span class=\"ed-2\">Az alap\u00edt\u00f3 tri\u00f3<\/span><\/h2>\t\t\t\t<\/div>\n\t\t\t\t<\/div>\n\t\t\t\t<\/div>\n\t\t\t\t\t<\/div>\n\t\t\t\t<\/div>\n\t\t<div class=\"elementor-element elementor-element-2cfa4b8 e-flex e-con-boxed e-con e-parent\" data-id=\"2cfa4b8\" data-element_type=\"container\" data-e-type=\"container\">\n\t\t\t\t\t<div class=\"e-con-inner\">\n\t\t<div class=\"elementor-element elementor-element-cfe74b1 e-con-full e-flex e-con e-child\" data-id=\"cfe74b1\" data-element_type=\"container\" data-e-type=\"container\">\n\t\t<div class=\"elementor-element elementor-element-57acb0f e-con-full e-flex e-con e-child\" data-id=\"57acb0f\" data-element_type=\"container\" data-e-type=\"container\" data-settings=\"{&quot;background_background&quot;:&quot;classic&quot;}\">\n\t\t\t\t<div class=\"elementor-element elementor-element-e19420e elementor-align-center elementor-widget elementor-widget-button\" data-id=\"e19420e\" data-element_type=\"widget\" data-e-type=\"widget\" data-widget_type=\"button.default\">\n\t\t\t\t<div class=\"elementor-widget-container\">\n\t\t\t\t\t\t\t\t\t<div class=\"elementor-button-wrapper\">\n\t\t\t\t\t<a class=\"elementor-button elementor-button-link elementor-size-sm\" href=\"#\">\n\t\t\t\t\t\t<span class=\"elementor-button-content-wrapper\">\n\t\t\t\t\t\t\t\t\t<span class=\"elementor-button-text\">T\u00c1RSALAP\u00cdT\u00d3<\/span>\n\t\t\t\t\t<\/span>\n\t\t\t\t\t<\/a>\n\t\t\t\t<\/div>\n\t\t\t\t\t\t\t\t<\/div>\n\t\t\t\t<\/div>\n\t\t<div class=\"elementor-element elementor-element-d0465c9 e-con-full e-flex e-con e-child\" data-id=\"d0465c9\" data-element_type=\"container\" data-e-type=\"container\" data-settings=\"{&quot;background_background&quot;:&quot;classic&quot;}\">\n\t\t\t\t<\/div>\n\t\t\t\t<div class=\"elementor-element elementor-element-a42737d elementor-widget elementor-widget-heading\" data-id=\"a42737d\" data-element_type=\"widget\" data-e-type=\"widget\" data-widget_type=\"heading.default\">\n\t\t\t\t<div class=\"elementor-widget-container\">\n\t\t\t\t\t<h2 class=\"elementor-heading-title elementor-size-default\">Wouter<\/h2>\t\t\t\t<\/div>\n\t\t\t\t<\/div>\n\t\t\t\t<div class=\"elementor-element elementor-element-d163524 elementor-widget elementor-widget-heading\" data-id=\"d163524\" data-element_type=\"widget\" data-e-type=\"widget\" data-widget_type=\"heading.default\">\n\t\t\t\t<div class=\"elementor-widget-container\">\n\t\t\t\t\t<h2 class=\"elementor-heading-title elementor-size-default\">IT \u00e9s \u00e9rt\u00e9kes\u00edt\u00e9s<\/h2>\t\t\t\t<\/div>\n\t\t\t\t<\/div>\n\t\t\t\t<div class=\"elementor-element elementor-element-5f3ab9f elementor-widget elementor-widget-heading\" data-id=\"5f3ab9f\" data-element_type=\"widget\" data-e-type=\"widget\" data-widget_type=\"heading.default\">\n\t\t\t\t<div class=\"elementor-widget-container\">\n\t\t\t\t\t<h2 class=\"elementor-heading-title elementor-size-default\">\ud83c\udded\ud83c\uddfa Magyarorsz\u00e1g<\/h2>\t\t\t\t<\/div>\n\t\t\t\t<\/div>\n\t\t\t\t<div class=\"elementor-element elementor-element-6bcb8d8 elementor-widget elementor-widget-text-editor\" data-id=\"6bcb8d8\" data-element_type=\"widget\" data-e-type=\"widget\" data-widget_type=\"text-editor.default\">\n\t\t\t\t<div class=\"elementor-widget-container\">\n\t\t\t\t\t\t\t\t\t<p>Magyarorsz\u00e1gi tev\u00e9kenys\u00e9g\u00fcnkben \u00f6tv\u00f6zi a m\u0171szaki szak\u00e9rtelmet az \u00fczleti n\u00f6veked\u00e9ssel. M\u00e9lyrehat\u00f3 IT-tud\u00e1s\u00e1t er\u0151s \u00e9rt\u00e9kes\u00edt\u00e9si k\u00e9szs\u00e9gekkel p\u00e1ros\u00edtja, hogy seg\u00edtsen az \u00fcgyfeleknek t\u00f6k\u00e9letes megold\u00e1sokat tal\u00e1lni. Magyarorsz\u00e1gi sz\u00e9khely\u0171k\u00e9nt vezeti terjeszked\u00e9s\u00fcnket a kelet-eur\u00f3pai piacon.  <\/p>\t\t\t\t\t\t\t\t<\/div>\n\t\t\t\t<\/div>\n\t\t\t\t<div class=\"elementor-element elementor-element-75e561a elementor-align-center elementor-widget elementor-widget-button\" data-id=\"75e561a\" data-element_type=\"widget\" data-e-type=\"widget\" data-widget_type=\"button.default\">\n\t\t\t\t<div class=\"elementor-widget-container\">\n\t\t\t\t\t\t\t\t\t<div class=\"elementor-button-wrapper\">\n\t\t\t\t\t<a class=\"elementor-button elementor-button-link elementor-size-sm\" href=\"https:\/\/evolvingdesk.com\/hu\/emberek\/wouter-boogaard\/\">\n\t\t\t\t\t\t<span class=\"elementor-button-content-wrapper\">\n\t\t\t\t\t\t\t\t\t<span class=\"elementor-button-text\">PROFIL MEGTEKINT\u00c9SE<\/span>\n\t\t\t\t\t<\/span>\n\t\t\t\t\t<\/a>\n\t\t\t\t<\/div>\n\t\t\t\t\t\t\t\t<\/div>\n\t\t\t\t<\/div>\n\t\t\t\t<\/div>\n\t\t<div class=\"elementor-element elementor-element-40ddde9 e-con-full e-flex e-con e-child\" data-id=\"40ddde9\" data-element_type=\"container\" data-e-type=\"container\" data-settings=\"{&quot;background_background&quot;:&quot;classic&quot;}\">\n\t\t\t\t<div class=\"elementor-element elementor-element-e36196c elementor-align-center elementor-widget elementor-widget-button\" data-id=\"e36196c\" data-element_type=\"widget\" data-e-type=\"widget\" data-widget_type=\"button.default\">\n\t\t\t\t<div class=\"elementor-widget-container\">\n\t\t\t\t\t\t\t\t\t<div class=\"elementor-button-wrapper\">\n\t\t\t\t\t<a class=\"elementor-button elementor-button-link elementor-size-sm\" href=\"#\">\n\t\t\t\t\t\t<span class=\"elementor-button-content-wrapper\">\n\t\t\t\t\t\t\t\t\t<span class=\"elementor-button-text\">T\u00c1RSALAP\u00cdT\u00d3<\/span>\n\t\t\t\t\t<\/span>\n\t\t\t\t\t<\/a>\n\t\t\t\t<\/div>\n\t\t\t\t\t\t\t\t<\/div>\n\t\t\t\t<\/div>\n\t\t<div class=\"elementor-element elementor-element-461905c e-con-full e-flex e-con e-child\" data-id=\"461905c\" data-element_type=\"container\" data-e-type=\"container\" data-settings=\"{&quot;background_background&quot;:&quot;classic&quot;}\">\n\t\t\t\t<\/div>\n\t\t\t\t<div class=\"elementor-element elementor-element-e7633c8 elementor-widget elementor-widget-heading\" data-id=\"e7633c8\" data-element_type=\"widget\" data-e-type=\"widget\" data-widget_type=\"heading.default\">\n\t\t\t\t<div class=\"elementor-widget-container\">\n\t\t\t\t\t<h2 class=\"elementor-heading-title elementor-size-default\">Joas<\/h2>\t\t\t\t<\/div>\n\t\t\t\t<\/div>\n\t\t\t\t<div class=\"elementor-element elementor-element-5092dde elementor-widget elementor-widget-heading\" data-id=\"5092dde\" data-element_type=\"widget\" data-e-type=\"widget\" data-widget_type=\"heading.default\">\n\t\t\t\t<div class=\"elementor-widget-container\">\n\t\t\t\t\t<h2 class=\"elementor-heading-title elementor-size-default\">IT \u00e9s infrastrukt\u00fara<\/h2>\t\t\t\t<\/div>\n\t\t\t\t<\/div>\n\t\t\t\t<div class=\"elementor-element elementor-element-cc988af elementor-widget elementor-widget-heading\" data-id=\"cc988af\" data-element_type=\"widget\" data-e-type=\"widget\" data-widget_type=\"heading.default\">\n\t\t\t\t<div class=\"elementor-widget-container\">\n\t\t\t\t\t<h2 class=\"elementor-heading-title elementor-size-default\">\ud83c\uddf3\ud83c\uddf1 Hollandia<\/h2>\t\t\t\t<\/div>\n\t\t\t\t<\/div>\n\t\t\t\t<div class=\"elementor-element elementor-element-ed0244e elementor-widget elementor-widget-text-editor\" data-id=\"ed0244e\" data-element_type=\"widget\" data-e-type=\"widget\" data-widget_type=\"text-editor.default\">\n\t\t\t\t<div class=\"elementor-widget-container\">\n\t\t\t\t\t\t\t\t\t<p>Biztos\u00edtja az EvolvingDesk m\u0171szaki infrastrukt\u00far\u00e1j\u00e1nak hib\u00e1tlan m\u0171k\u00f6d\u00e9s\u00e9t, mik\u00f6zben kialak\u00edtja vizu\u00e1lis m\u00e1rkaidentit\u00e1sunkat. M\u0171szaki szak\u00e9rtelm\u00e9nek \u00e9s kreat\u00edv tervez\u00e9si k\u00e9szs\u00e9geinek egyedi kombin\u00e1ci\u00f3ja vezeti mind a komplex IT-projekteket, mind a koherens m\u00e1rkajelenl\u00e9t\u00fcnket. <\/p>\t\t\t\t\t\t\t\t<\/div>\n\t\t\t\t<\/div>\n\t\t\t\t<div class=\"elementor-element elementor-element-b2074f0 elementor-align-center elementor-widget elementor-widget-button\" data-id=\"b2074f0\" data-element_type=\"widget\" data-e-type=\"widget\" data-widget_type=\"button.default\">\n\t\t\t\t<div class=\"elementor-widget-container\">\n\t\t\t\t\t\t\t\t\t<div class=\"elementor-button-wrapper\">\n\t\t\t\t\t<a class=\"elementor-button elementor-button-link elementor-size-sm\" href=\"https:\/\/evolvingdesk.com\/hu\/emberek\/joas-van-der-eerden\/\">\n\t\t\t\t\t\t<span class=\"elementor-button-content-wrapper\">\n\t\t\t\t\t\t\t\t\t<span class=\"elementor-button-text\">PROFIL MEGTEKINT\u00c9SE<\/span>\n\t\t\t\t\t<\/span>\n\t\t\t\t\t<\/a>\n\t\t\t\t<\/div>\n\t\t\t\t\t\t\t\t<\/div>\n\t\t\t\t<\/div>\n\t\t\t\t<\/div>\n\t\t<div class=\"elementor-element elementor-element-71083a3 e-con-full e-flex e-con e-child\" data-id=\"71083a3\" data-element_type=\"container\" data-e-type=\"container\" data-settings=\"{&quot;background_background&quot;:&quot;classic&quot;}\">\n\t\t\t\t<div class=\"elementor-element elementor-element-bde44ba elementor-align-center elementor-widget elementor-widget-button\" data-id=\"bde44ba\" data-element_type=\"widget\" data-e-type=\"widget\" data-widget_type=\"button.default\">\n\t\t\t\t<div class=\"elementor-widget-container\">\n\t\t\t\t\t\t\t\t\t<div class=\"elementor-button-wrapper\">\n\t\t\t\t\t<a class=\"elementor-button elementor-button-link elementor-size-sm\" href=\"#\">\n\t\t\t\t\t\t<span class=\"elementor-button-content-wrapper\">\n\t\t\t\t\t\t\t\t\t<span class=\"elementor-button-text\">T\u00c1RSALAP\u00cdT\u00d3<\/span>\n\t\t\t\t\t<\/span>\n\t\t\t\t\t<\/a>\n\t\t\t\t<\/div>\n\t\t\t\t\t\t\t\t<\/div>\n\t\t\t\t<\/div>\n\t\t<div class=\"elementor-element elementor-element-2f8c41c e-con-full e-flex e-con e-child\" data-id=\"2f8c41c\" data-element_type=\"container\" data-e-type=\"container\" data-settings=\"{&quot;background_background&quot;:&quot;classic&quot;}\">\n\t\t\t\t<\/div>\n\t\t\t\t<div class=\"elementor-element elementor-element-5539658 elementor-widget elementor-widget-heading\" data-id=\"5539658\" data-element_type=\"widget\" data-e-type=\"widget\" data-widget_type=\"heading.default\">\n\t\t\t\t<div class=\"elementor-widget-container\">\n\t\t\t\t\t<h2 class=\"elementor-heading-title elementor-size-default\">Jo\u00ebl<\/h2>\t\t\t\t<\/div>\n\t\t\t\t<\/div>\n\t\t\t\t<div class=\"elementor-element elementor-element-3de4c48 elementor-widget elementor-widget-heading\" data-id=\"3de4c48\" data-element_type=\"widget\" data-e-type=\"widget\" data-widget_type=\"heading.default\">\n\t\t\t\t<div class=\"elementor-widget-container\">\n\t\t\t\t\t<h2 class=\"elementor-heading-title elementor-size-default\">Marketing \u00e9s \u00e9rt\u00e9kes\u00edt\u00e9s<\/h2>\t\t\t\t<\/div>\n\t\t\t\t<\/div>\n\t\t\t\t<div class=\"elementor-element elementor-element-0b9b2ec elementor-widget elementor-widget-heading\" data-id=\"0b9b2ec\" data-element_type=\"widget\" data-e-type=\"widget\" data-widget_type=\"heading.default\">\n\t\t\t\t<div class=\"elementor-widget-container\">\n\t\t\t\t\t<h2 class=\"elementor-heading-title elementor-size-default\">\ud83c\uddf3\ud83c\uddf1 Hollandia<\/h2>\t\t\t\t<\/div>\n\t\t\t\t<\/div>\n\t\t\t\t<div class=\"elementor-element elementor-element-d186afc elementor-widget elementor-widget-text-editor\" data-id=\"d186afc\" data-element_type=\"widget\" data-e-type=\"widget\" data-widget_type=\"text-editor.default\">\n\t\t\t\t<div class=\"elementor-widget-container\">\n\t\t\t\t\t\t\t\t\t<p>Vezeti az EvolvingDesk n\u00f6veked\u00e9s\u00e9t strat\u00e9giai \u00e9rt\u00e9kes\u00edt\u00e9ssel \u00e9s innovat\u00edv marketingkamp\u00e1nyokkal. Digit\u00e1lis marketinghez val\u00f3 kreat\u00edv hozz\u00e1\u00e1ll\u00e1sa, er\u0151s \u00e9rt\u00e9kes\u00edt\u00e9si \u00e9rz\u00e9kkel p\u00e1rosulva, kiterjeszti el\u00e9r\u00e9s\u00fcnket a Benelux r\u00e9gi\u00f3ban \u00e9s azon t\u00fal. <\/p>\t\t\t\t\t\t\t\t<\/div>\n\t\t\t\t<\/div>\n\t\t\t\t<div class=\"elementor-element elementor-element-598b13d elementor-align-center elementor-widget elementor-widget-button\" data-id=\"598b13d\" data-element_type=\"widget\" data-e-type=\"widget\" data-widget_type=\"button.default\">\n\t\t\t\t<div class=\"elementor-widget-container\">\n\t\t\t\t\t\t\t\t\t<div class=\"elementor-button-wrapper\">\n\t\t\t\t\t<a class=\"elementor-button elementor-button-link elementor-size-sm\" href=\"https:\/\/evolvingdesk.com\/hu\/emberek\/joel-bosveld\/\">\n\t\t\t\t\t\t<span class=\"elementor-button-content-wrapper\">\n\t\t\t\t\t\t\t\t\t<span class=\"elementor-button-text\">PROFIL MEGTEKINT\u00c9SE<\/span>\n\t\t\t\t\t<\/span>\n\t\t\t\t\t<\/a>\n\t\t\t\t<\/div>\n\t\t\t\t\t\t\t\t<\/div>\n\t\t\t\t<\/div>\n\t\t\t\t<\/div>\n\t\t\t\t<\/div>\n\t\t\t\t\t<\/div>\n\t\t\t\t<\/div>\n\t\t\t\t<\/div>\n\t\t","protected":false},"excerpt":{"rendered":"<p>Emberek Az EvolvingDesk h\u00e1rom k\u00f6z\u00e9piskolai bar\u00e1t szenved\u00e9lyes projektjek\u00e9nt indult, akiknek k\u00f6z\u00f6s a technol\u00f3gia ir\u00e1nti szeretet\u00fck. Ami 2018 v\u00e9g\u00e9n egy kis er\u0151fesz\u00edt\u00e9sk\u00e9nt indult, hogy szoftvereket hozzanak l\u00e9tre di\u00e1kok sz\u00e1m\u00e1ra, az\u00f3ta egy nemzetk\u00f6zi informatikai v\u00e1llalatt\u00e1 n\u0151tte ki mag\u00e1t. Az alap\u00edt\u00f3 tri\u00f3 T\u00c1RSALAP\u00cdT\u00d3 Wouter IT \u00e9s \u00e9rt\u00e9kes\u00edt\u00e9s \ud83c\udded\ud83c\uddfa Magyarorsz\u00e1g Magyarorsz\u00e1gi tev\u00e9kenys\u00e9g\u00fcnkben \u00f6tv\u00f6zi a m\u0171szaki szak\u00e9rtelmet az \u00fczleti n\u00f6veked\u00e9ssel. [&hellip;]<\/p>\n","protected":false},"author":3,"featured_media":0,"parent":0,"menu_order":0,"comment_status":"closed","ping_status":"closed","template":"elementor_header_footer","meta":{"footnotes":""},"class_list":["post-5832","page","type-page","status-publish","hentry"],"blocksy_meta":[],"_links":{"self":[{"href":"https:\/\/evolvingdesk.com\/hu\/wp-json\/wp\/v2\/pages\/5832","targetHints":{"allow":["GET"]}}],"collection":[{"href":"https:\/\/evolvingdesk.com\/hu\/wp-json\/wp\/v2\/pages"}],"about":[{"href":"https:\/\/evolvingdesk.com\/hu\/wp-json\/wp\/v2\/types\/page"}],"author":[{"embeddable":true,"href":"https:\/\/evolvingdesk.com\/hu\/wp-json\/wp\/v2\/users\/3"}],"replies":[{"embeddable":true,"href":"https:\/\/evolvingdesk.com\/hu\/wp-json\/wp\/v2\/comments?post=5832"}],"version-history":[{"count":13,"href":"https:\/\/evolvingdesk.com\/hu\/wp-json\/wp\/v2\/pages\/5832\/revisions"}],"predecessor-version":[{"id":6629,"href":"https:\/\/evolvingdesk.com\/hu\/wp-json\/wp\/v2\/pages\/5832\/revisions\/6629"}],"wp:attachment":[{"href":"https:\/\/evolvingdesk.com\/hu\/wp-json\/wp\/v2\/media?parent=5832"}],"curies":[{"name":"wp","href":"https:\/\/api.w.org\/{rel}","templated":true}]}}